{"id":114,"date":"2026-01-11T17:20:25","date_gmt":"2026-01-11T16:20:25","guid":{"rendered":"https:\/\/pitlane-syndicate.de\/?page_id=114"},"modified":"2026-01-11T21:23:43","modified_gmt":"2026-01-11T20:23:43","slug":"ueber-uns","status":"publish","type":"page","link":"https:\/\/pitlane-syndicate.de\/?page_id=114","title":{"rendered":"\u00dcber uns"},"content":{"rendered":"\n<p>iRacing ist schon seit l\u00e4ngerer Zeit die Simulation, die uns alle am meisten gef\u00e4llt. Wir kennen uns seit ca. 1 Jahr und hatten zuvor schon einmal hier und da miteinander zutun.<\/p>\n\n\n\n<p>An einigen Rennen konnten wir in der Vergangenheit schon gemeinsam teilnehmen und hatten dabei f\u00fcr uns ausreichenden Erfolg. Spa\u00df auf jeden Fall!<\/p>\n\n\n\n<p>Nun haben wir wieder zusammen gefunden und m\u00f6chten die Freude an der Simulation mit Anderen teilen. Daf\u00fcr haben wir hier diese neue Plattform geschaffen. <\/p>\n\n\n\n<hr class=\"wp-block-separator has-alpha-channel-opacity\"\/>\n\n\n\n<p><strong>Enthusiasmus:<\/strong><\/p>\n\n\n\n<p>Die Begeistung an der Sache, sich selber weiter zu entwickeln und anderen dabei zu helfen.<\/p>\n\n\n\n<p><strong>Respekt:<\/strong><\/p>\n\n\n\n<p>Vielfalt ist heute das A und O, jeder kann sich frei entwickeln und wird dabei nicht eingeschr\u00e4nkt.<\/p>\n\n\n\n<p><strong>Familie:<\/strong><\/p>\n\n\n\n<p>Hat oberste Priorit\u00e4t, egal was passiert und ist die Grundlage und ein R\u00fcckzugsort um emotionale Hilfe zu bekommen, wenn es mal nicht rund l\u00e4uft.<\/p>\n\n\n\n<p><strong>Kommunikation:<\/strong><\/p>\n\n\n\n<p>Offene und ehrliche Gespr\u00e4che sorgen f\u00fcr klare Verh\u00e4ltnisse und sind die Grundlage f\u00fcr Konfliktl\u00f6sungen und Kompromisse.<\/p>\n\n\n\n<hr class=\"wp-block-separator has-alpha-channel-opacity\"\/>\n\n\n\n<p>Wenn Du Dich angesprochen f\u00fchlst und unser Team erweitern m\u00f6chtest, dann melde Dich gerne bei uns.<\/p>\n","protected":false},"excerpt":{"rendered":"<p>iRacing ist schon seit l\u00e4ngerer Zeit die Simulation, die uns alle am meisten gef\u00e4llt. Wir kennen uns seit ca. 1 Jahr und hatten zuvor schon einmal hier und da miteinander zutun. An einigen Rennen konnten wir in der Vergangenheit schon gemeinsam teilnehmen und hatten dabei f\u00fcr uns ausreichenden Erfolg. Spa\u00df auf jeden Fall! Nun haben [&hellip;]<\/p>\n","protected":false},"author":1,"featured_media":0,"parent":0,"menu_order":0,"comment_status":"closed","ping_status":"closed","template":"","meta":{"footnotes":""},"class_list":["post-114","page","type-page","status-publish","hentry"],"_links":{"self":[{"href":"https:\/\/pitlane-syndicate.de\/index.php?rest_route=\/wp\/v2\/pages\/114","targetHints":{"allow":["GET"]}}],"collection":[{"href":"https:\/\/pitlane-syndicate.de\/index.php?rest_route=\/wp\/v2\/pages"}],"about":[{"href":"https:\/\/pitlane-syndicate.de\/index.php?rest_route=\/wp\/v2\/types\/page"}],"author":[{"embeddable":true,"href":"https:\/\/pitlane-syndicate.de\/index.php?rest_route=\/wp\/v2\/users\/1"}],"replies":[{"embeddable":true,"href":"https:\/\/pitlane-syndicate.de\/index.php?rest_route=%2Fwp%2Fv2%2Fcomments&post=114"}],"version-history":[{"count":4,"href":"https:\/\/pitlane-syndicate.de\/index.php?rest_route=\/wp\/v2\/pages\/114\/revisions"}],"predecessor-version":[{"id":207,"href":"https:\/\/pitlane-syndicate.de\/index.php?rest_route=\/wp\/v2\/pages\/114\/revisions\/207"}],"wp:attachment":[{"href":"https:\/\/pitlane-syndicate.de\/index.php?rest_route=%2Fwp%2Fv2%2Fmedia&parent=114"}],"curies":[{"name":"wp","href":"https:\/\/api.w.org\/{rel}","templated":true}]}}